{"id":28050,"date":"2024-10-25T09:10:30","date_gmt":"2024-10-25T07:10:30","guid":{"rendered":"https:\/\/www.france-copeaux.com\/devenir-revendeur\/"},"modified":"2025-04-29T17:05:05","modified_gmt":"2025-04-29T15:05:05","slug":"handler-werden","status":"publish","type":"page","link":"https:\/\/www.france-copeaux.com\/de\/handler-werden\/","title":{"rendered":"H\u00e4ndler werden"},"content":{"rendered":"\t\t<div data-elementor-type=\"wp-page\" data-elementor-id=\"28050\" class=\"elementor elementor-28050 elementor-22185\" data-elementor-post-type=\"page\">\n\t\t\t\t\t\t<section class=\"elementor-section elementor-top-section elementor-element elementor-element-02775df elementor-section-full_width elementor-section-height-default elementor-section-height-default\" data-id=\"02775df\" data-element_type=\"section\" data-e-type=\"section\">\n\t\t\t\t\t\t<div class=\"elementor-container elementor-column-gap-no\">\n\t\t\t\t\t<div class=\"elementor-column elementor-col-100 elementor-top-column elementor-element elementor-element-d193f36\" data-id=\"d193f36\" data-element_type=\"column\" data-e-type=\"column\">\n\t\t\t<div class=\"elementor-widget-wrap elementor-element-populated\">\n\t\t\t\t\t\t<div class=\"elementor-element elementor-element-e39d1a6 elementor-invisible elementor-widget elementor-widget-slider\" data-id=\"e39d1a6\" data-element_type=\"widget\" data-e-type=\"widget\" data-settings=\"{&quot;_animation&quot;:&quot;fadeIn&quot;}\" data-widget_type=\"slider.default\">\n\t\t\t\t<div class=\"elementor-widget-container\">\n\t\t\t\t\t\r\n        \r\n            <section class=\"dreamit-slick-slider\">\r\n                <div class=\"default-slider slick\">\r\n                    \r\n                \r\n                        \r\n\t\t\t\t\t\t<div class=\"single-slick one align-items-center d-flex text-left\">\r\n                            <div class=\"container\">\r\n                                <div class=\"slide-img parallax-effect\"\r\n                                    style=\"background:url(https:\/\/www.france-copeaux.com\/wp-content\/uploads\/2025\/01\/revendeur4.jpg) center center \/ cover scroll no-repeat;\">\r\n                                <\/div>\r\n                                <div class=\"hero-text-wrap\">\r\n                                    <div class=\"hero-text\">\r\n                                        \r\n                                            <div class=\"white-color\">\r\n                                                 <h4> Fachh\u00e4ndler <\/h4>                                                  <h1 class=\"font-600\"> Wiederverk\u00e4ufer der Produkte France Copeaux werden <\/h1> \r\n                                                \t<p>M\u00f6chten Sie Ihren Kunden Qualit\u00e4tsprodukte anbieten und gleichzeitig mit einem engagierten Unternehmen zusammenarbeiten? Treten Sie unserem H\u00e4ndlernetz bei und profitieren Sie von exklusiven Vorteilen.<\/p>\r\n\r\n                                                \t                                                    <a class=\"btn btn-gradient btn-md btn-animated-none\" href=\"https:\/\/www.france-copeaux.com\/contact\/\" >\r\n                                                            Kontaktieren Sie uns                                                        <i class=\"flaticon-arrow-pointing-to-right\"><\/i>\r\n                                                    <\/a>\r\n                                                    \r\n                                                    \r\n                                                    \r\n                                            <\/div>\r\n                                        \r\n                                    <\/div>\r\n                                <\/div>\r\n                                <div class=\"slider-single-image\">\r\n                                \t<img decoding=\"async\" src=\"\" alt=\"\">\r\n                                <\/div>\r\n\t\t\t\t\t\t\t<\/div><!-- .container -->\r\n\r\n\r\n\t\t\t\t\t\t<\/div><!-- .single-slick -->\r\n\r\n                        \r\n                                    <\/div>\r\n            <\/section>\r\n            <script>\r\n                jQuery(document).ready(function() {\r\n                    jQuery(\".default-slider\").slick({\r\n                                                    dots: false,\r\n                            infinite: true,\r\n                            centerMode: true,\r\n                            autoplay: true,\r\n                            autoplaySpeed: 7000,\r\n                            slidesToShow: 1,\r\n                            slidesToScroll: 1,\r\n                            centerPadding: '0',\r\n                            arrows: true\r\n                                            });\r\n                });\r\n            <\/script>\r\n\r\n        \r\n\r\n\r\n        \r\n\r\n\r\n\t\t\t\t\t<\/div>\n\t\t\t\t<\/div>\n\t\t\t\t\t<\/div>\n\t\t<\/div>\n\t\t\t\t\t<\/div>\n\t\t<\/section>\n\t\t\t\t<section class=\"elementor-section elementor-top-section elementor-element elementor-element-e400a70 elementor-section-boxed elementor-section-height-default elementor-section-height-default\" data-id=\"e400a70\" data-element_type=\"section\" data-e-type=\"section\">\n\t\t\t\t\t\t<div class=\"elementor-container elementor-column-gap-default\">\n\t\t\t\t\t<div class=\"elementor-column elementor-col-100 elementor-top-column elementor-element elementor-element-5ffb4c7\" data-id=\"5ffb4c7\" data-element_type=\"column\" data-e-type=\"column\">\n\t\t\t<div class=\"elementor-widget-wrap elementor-element-populated\">\n\t\t\t\t\t\t<section class=\"elementor-section elementor-inner-section elementor-element elementor-element-8d7cee6 elementor-section-boxed elementor-section-height-default elementor-section-height-default\" data-id=\"8d7cee6\" data-element_type=\"section\" data-e-type=\"section\">\n\t\t\t\t\t\t<div class=\"elementor-container elementor-column-gap-default\">\n\t\t\t\t\t<div class=\"elementor-column elementor-col-33 elementor-inner-column elementor-element elementor-element-ac38d4f\" data-id=\"ac38d4f\" data-element_type=\"column\" data-e-type=\"column\">\n\t\t\t<div class=\"elementor-widget-wrap elementor-element-populated\">\n\t\t\t\t\t\t<div class=\"elementor-element elementor-element-f6faf1a elementor-widget elementor-widget-feature\" data-id=\"f6faf1a\" data-element_type=\"widget\" data-e-type=\"widget\" data-widget_type=\"feature.default\">\n\t\t\t\t<div class=\"elementor-widget-container\">\n\t\t\t\t\t\r\n\r\n\t\t\r\n\t\t\t<div class=\"feature-box default-style\">\r\n\t\t\t\t\r\n\t\t\t\t<div class=\"feature-box-icon\" style=\"display: flex;justify-content: center;align-items: center;\">\r\n\t\t\t\t\t<i class=\"far fa-star\"><\/i>\t\t\t\t<\/div>\t\t\t\r\n\t\t\t\t\r\n\t\t\t\t<div class=\"feature-box-content\">\r\n\r\n\t\t\t\t\t<div class=\"feature-box-number\">\r\n\t\t\t\t\t\t\r\n\t\t\t\t\t<\/div>\r\n\r\n\t\t\t\t\t<div class=\"feature-box-title\">\r\n\t\t\t\t\t\t<h2>Qualit\u00e4tsprodukte<\/h2>\r\n\t\t\t\t\t<\/div>\r\n\r\n\t\t\t\t\t<div class=\"feature-box-desc\">\r\n\t\t\t\t\t\t<p>Wenn Sie die Produkte von France Copeaux vertreiben, haben Sie Zugang zu Premium-Qualit\u00e4tsprodukten, die die Bed\u00fcrfnisse Ihrer Kunden ber\u00fccksichtigen, um ihnen das Beste zu bieten.<br><br><\/p>\r\n\t\t\t\t\t<\/div>\r\n\r\n\t\t\t\t\t\r\n\t\t\t\t<\/div>\r\n\t\t\t<\/div>\r\n\r\n\t\t\r\n\t\t\t\t\t<\/div>\n\t\t\t\t<\/div>\n\t\t\t\t\t<\/div>\n\t\t<\/div>\n\t\t\t\t<div class=\"elementor-column elementor-col-33 elementor-inner-column elementor-element elementor-element-8d1dd1a\" data-id=\"8d1dd1a\" data-element_type=\"column\" data-e-type=\"column\">\n\t\t\t<div class=\"elementor-widget-wrap elementor-element-populated\">\n\t\t\t\t\t\t<div class=\"elementor-element elementor-element-83e251f active elementor-widget elementor-widget-feature\" data-id=\"83e251f\" data-element_type=\"widget\" data-e-type=\"widget\" data-widget_type=\"feature.default\">\n\t\t\t\t<div class=\"elementor-widget-container\">\n\t\t\t\t\t\r\n\r\n\t\t\r\n\t\t\t<div class=\"feature-box default-style\">\r\n\t\t\t\t\r\n\t\t\t\t<div class=\"feature-box-icon\" style=\"display: flex;justify-content: center;align-items: center;\">\r\n\t\t\t\t\t<i class=\"fas fa-globe-africa\"><\/i>\t\t\t\t<\/div>\t\t\t\r\n\t\t\t\t\r\n\t\t\t\t<div class=\"feature-box-content\">\r\n\r\n\t\t\t\t\t<div class=\"feature-box-number\">\r\n\t\t\t\t\t\t\r\n\t\t\t\t\t<\/div>\r\n\r\n\t\t\t\t\t<div class=\"feature-box-title\">\r\n\t\t\t\t\t\t<h2>Umweltfreundlichkeit<\/h2>\r\n\t\t\t\t\t<\/div>\r\n\r\n\t\t\t\t\t<div class=\"feature-box-desc\">\r\n\t\t\t\t\t\t<p>Wir werden Ihnen systematisch Produkte anbieten, die so nah wie m\u00f6glich an Ihren Vertriebsstandorten hergestellt werden, um unseren CO2-Fu\u00dfabdruck zu begrenzen.<br><br><br><\/p>\r\n\t\t\t\t\t<\/div>\r\n\r\n\t\t\t\t\t\r\n\t\t\t\t<\/div>\r\n\t\t\t<\/div>\r\n\r\n\t\t\r\n\t\t\t\t\t<\/div>\n\t\t\t\t<\/div>\n\t\t\t\t\t<\/div>\n\t\t<\/div>\n\t\t\t\t<div class=\"elementor-column elementor-col-33 elementor-inner-column elementor-element elementor-element-40fc189\" data-id=\"40fc189\" data-element_type=\"column\" data-e-type=\"column\">\n\t\t\t<div class=\"elementor-widget-wrap elementor-element-populated\">\n\t\t\t\t\t\t<div class=\"elementor-element elementor-element-89d2049 elementor-widget elementor-widget-feature\" data-id=\"89d2049\" data-element_type=\"widget\" data-e-type=\"widget\" data-widget_type=\"feature.default\">\n\t\t\t\t<div class=\"elementor-widget-container\">\n\t\t\t\t\t\r\n\r\n\t\t\r\n\t\t\t<div class=\"feature-box default-style\">\r\n\t\t\t\t\r\n\t\t\t\t<div class=\"feature-box-icon\" style=\"display: flex;justify-content: center;align-items: center;\">\r\n\t\t\t\t\t<i class=\"fas fa-hourglass-end\"><\/i>\t\t\t\t<\/div>\t\t\t\r\n\t\t\t\t\r\n\t\t\t\t<div class=\"feature-box-content\">\r\n\r\n\t\t\t\t\t<div class=\"feature-box-number\">\r\n\t\t\t\t\t\t\r\n\t\t\t\t\t<\/div>\r\n\r\n\t\t\t\t\t<div class=\"feature-box-title\">\r\n\t\t\t\t\t\t<h2>Forschung und Entwicklung<\/h2>\r\n\t\t\t\t\t<\/div>\r\n\r\n\t\t\t\t\t<div class=\"feature-box-desc\">\r\n\t\t\t\t\t\t<p>France Copeaux investiert kontinuierlich in Forschung und Entwicklung, um die Verwertung von Holzabf\u00e4llen zu optimieren. Unser Expertenteam arbeitet an mehreren Innovationsschwerpunkten, um immer leistungsf\u00e4higere L\u00f6sungen anzubieten.<\/p>\r\n\t\t\t\t\t<\/div>\r\n\r\n\t\t\t\t\t\r\n\t\t\t\t<\/div>\r\n\t\t\t<\/div>\r\n\r\n\t\t\r\n\t\t\t\t\t<\/div>\n\t\t\t\t<\/div>\n\t\t\t\t\t<\/div>\n\t\t<\/div>\n\t\t\t\t\t<\/div>\n\t\t<\/section>\n\t\t\t\t\t<\/div>\n\t\t<\/div>\n\t\t\t\t\t<\/div>\n\t\t<\/section>\n\t\t\t\t<section class=\"elementor-section elementor-top-section elementor-element elementor-element-22ee062 elementor-section-boxed elementor-section-height-default elementor-section-height-default\" data-id=\"22ee062\" data-element_type=\"section\" data-e-type=\"section\" data-settings=\"{&quot;background_background&quot;:&quot;classic&quot;}\">\n\t\t\t\t\t\t\t<div class=\"elementor-background-overlay\"><\/div>\n\t\t\t\t\t\t\t<div class=\"elementor-container elementor-column-gap-default\">\n\t\t\t\t\t<div class=\"elementor-column elementor-col-100 elementor-top-column elementor-element elementor-element-3854dd4\" data-id=\"3854dd4\" data-element_type=\"column\" data-e-type=\"column\">\n\t\t\t<div class=\"elementor-widget-wrap elementor-element-populated\">\n\t\t\t\t\t\t<div class=\"elementor-element elementor-element-ed7c8de elementor-widget elementor-widget-sectiontitle\" data-id=\"ed7c8de\" data-element_type=\"widget\" data-e-type=\"widget\" data-widget_type=\"sectiontitle.default\">\n\t\t\t\t<div class=\"elementor-widget-container\">\n\t\t\t\t\t\r\n\t\t\t\t\t<div class=\"style-11\">\r\n\r\n\t\t\t\t<div class=\"section-title t_center\">\r\n\t\t\t\t\t \r\n\t\t\t\t\t\t<h5>Unser H\u00c4NDLERSERVICE<\/h5>\r\n\t\t\t\t\t\r\n\t\t\t\t\t \r\n\t\t\t\t\t\t<h3><span><\/span>Zusammenarbeit mit France Copieux<\/h3>\r\n\t\t\t\t\t\r\n\t\t\t\t\t\r\n\t\t\t\t\t \r\n\t\t\t\t\t\t<p>Wer sich dem H\u00e4ndlernetz von France Copeaux anschlie\u00dft, entscheidet sich f\u00fcr einen Partner, der sich f\u00fcr Qualit\u00e4t, Kundenn\u00e4he und Innovation einsetzt. Wir sind auf den Verkauf von Streu f\u00fcr Tiere, R\u00e4ucherholz, Brennholz und Mulch f\u00fcr den Garten spezialisiert und bieten Ihnen nat\u00fcrliche und leistungsstarke Produkte, die den Erwartungen Ihrer Kunden entsprechen. Unsere Mission ist es, Sie in jeder Phase mit einem pers\u00f6nlichen Service, einer optimierten Logistik und exklusiven Vorteilen zu begleiten. Als Wiederverk\u00e4ufer profitieren Sie von einem privilegierten Zugang zu Neuheiten, wettbewerbsf\u00e4higen Preiskonditionen und unserem einzigartigen Know-how. Vertrauen Sie auf France Copeaux, um Ihr Gesch\u00e4ft auszubauen und Ihren Kunden das Beste zu bieten. <br><br>Von der Abholung \u00fcber die Verarbeitung bis hin zur endg\u00fcltigen Verteilung beherrschen wir die gesamte Wertsch\u00f6pfungskette. Unsere robuste Organisation basiert auf speziellen logistischen Mitteln, einer gro\u00dfen Lagerkapazit\u00e4t, die auf zwei regionale Plattformen verteilt ist, und einem nationalen und internationalen Vertriebsnetz. Diese operative Autonomie erm\u00f6glicht es uns, Ihnen eine reibungslose und kontinuierliche Entsorgung Ihrer Holzabf\u00e4lle zu garantieren, unabh\u00e4ngig von Ihren Produktionsmengen.<\/p>\r\n\t\t\t\t\t\r\n\r\n\r\n\t\t\t\t<\/div>\t\r\n\r\n\t\t\t<\/div>\r\n\t\t\r\n\t\t\t\t\t\t<\/div>\n\t\t\t\t<\/div>\n\t\t\t\t<div class=\"elementor-element elementor-element-2ee243f elementor-widget elementor-widget-tab\" data-id=\"2ee243f\" data-element_type=\"widget\" data-e-type=\"widget\" data-widget_type=\"tab.default\">\n\t\t\t\t<div class=\"elementor-widget-container\">\n\t\t\t\t\t    \t\r\n    \t\r\n    \t<div class=\"tab\">\r\n\t\t\t\t<ul class=\"nav nav-tabs\">\r\n\t\t\t\t\t\t\t\t\t\t\t<li class=\"active\"><a href=\"#tab-1\">Produktqualit\u00e4t<\/a><\/li>\r\n\t\t\t\t\t\t\t\t\t\t\t<li ><a href=\"#tab-2\">Engagierte Betreuung<\/a><\/li>\r\n\t\t\t\t\t\t\t\t\t\t\t<li ><a href=\"#tab-3\">Optimierte Logistik<\/a><\/li>\r\n\t\t\t\t\t\t\t\t\t\t\t<li ><a href=\"#tab-4\">Neuheiten<\/a><\/li>\r\n\t\t\t\t\t\t\t\t\t<\/ul>\r\n\t\t\t\t\t<div class=\"tab-content\">\r\n\t\t\t\t\t\t\t\t\t\t\t\t\t\t<div id=\"tab-1\" class=\"tab-pane active\">\r\n\t\t\t\t\t\t\t\t\t<div class=\"row\">\r\n\t\t\t\t\t\t\t\t\t\t<div class=\"col-md-6\">\r\n\t\t\t\t\t\t\t\t\t\t\t<img decoding=\"async\" src=\"https:\/\/www.france-copeaux.com\/wp-content\/uploads\/2024\/11\/expertise-scaled.jpg\" alt=\"\">\r\n\t\t\t\t\t\t\t\t\t\t<\/div>\r\n\t\t\t\t\t\t\t\t\t\t<div class=\"col-md-6\">\r\n\t\t\t\t\t\t\t\t\t\t\t<h2>Produktqualit\u00e4t<\/h2>\r\n\t\t\t\t\t\t\t\t\t\t\t<p>Bei France Copeaux w\u00e4hlen wir sorgf\u00e4ltig nat\u00fcrliche Rohstoffe aus, um qualitativ hochwertige Produkte zu garantieren, die auf die Bed\u00fcrfnisse Ihrer Kunden zugeschnitten sind. Unsere Tierstreu, R\u00e4ucherholz, Brennholz und Mulch f\u00fcr den Garten sind auf Leistung und Nachhaltigkeit ausgelegt und respektieren gleichzeitig die Umwelt. <br><br>\nJedes Produkt wird strengen Kontrollen unterzogen, um den h\u00f6chsten Standards zu entsprechen. Indem Sie unsere Produkte anbieten, bieten Sie Ihren Kunden eine zuverl\u00e4ssige und verantwortungsvolle L\u00f6sung, die Effizienz und Respekt vor der Natur vereint.<\/p>\r\n\t\t\t\t\t\t\t\t\t\t\t\t\t\t\t\t\t\t\t\t\t<\/div>\r\n\t\t\t\t\t\t\t\t\t<\/div>\r\n\t\t\t\t\t\t\t\t<\/div>\r\n\t\t\t\t\t\t\t\t\t\t\t\t\t\t<div id=\"tab-2\" class=\"tab-pane \">\r\n\t\t\t\t\t\t\t\t\t<div class=\"row\">\r\n\t\t\t\t\t\t\t\t\t\t<div class=\"col-md-6\">\r\n\t\t\t\t\t\t\t\t\t\t\t<img decoding=\"async\" src=\"https:\/\/www.france-copeaux.com\/wp-content\/uploads\/2024\/11\/service-dediee-scaled.jpg\" alt=\"\">\r\n\t\t\t\t\t\t\t\t\t\t<\/div>\r\n\t\t\t\t\t\t\t\t\t\t<div class=\"col-md-6\">\r\n\t\t\t\t\t\t\t\t\t\t\t<h2>Engagierte Betreuung<\/h2>\r\n\t\t\t\t\t\t\t\t\t\t\t<p>Als Wiederverk\u00e4ufer von France Copeaux profitieren Sie von einem pers\u00f6nlichen Service, der Sie in jeder Phase begleitet. Unser Team steht Ihnen zur Verf\u00fcgung, um Ihre Fragen zu beantworten, Sie bei der Auswahl der f\u00fcr Ihre Bed\u00fcrfnisse geeigneten Produkte zu beraten und Sie bei Ihren Bestellungen zu unterst\u00fctzen. Wir stellen Ihnen auch Marketinginstrumente und Schulungen zur Verf\u00fcgung, um Ihnen zu helfen, unsere Produkte bei Ihren Kunden bekannt zu machen. <br><br>\nMit France Copeaux sind Sie nie allein, und wir sind da, um Sie bei der Entwicklung Ihrer T\u00e4tigkeit zu unterst\u00fctzen.<\/p>\r\n\t\t\t\t\t\t\t\t\t\t\t\t\t\t\t\t\t\t\t\t\t<\/div>\r\n\t\t\t\t\t\t\t\t\t<\/div>\r\n\t\t\t\t\t\t\t\t<\/div>\r\n\t\t\t\t\t\t\t\t\t\t\t\t\t\t<div id=\"tab-3\" class=\"tab-pane \">\r\n\t\t\t\t\t\t\t\t\t<div class=\"row\">\r\n\t\t\t\t\t\t\t\t\t\t<div class=\"col-md-6\">\r\n\t\t\t\t\t\t\t\t\t\t\t<img decoding=\"async\" src=\"https:\/\/www.france-copeaux.com\/wp-content\/uploads\/2024\/11\/Skype_Picture_2024_06_04T09_09_44_477Z-scaled.jpeg\" alt=\"\">\r\n\t\t\t\t\t\t\t\t\t\t<\/div>\r\n\t\t\t\t\t\t\t\t\t\t<div class=\"col-md-6\">\r\n\t\t\t\t\t\t\t\t\t\t\t<h2>Optimierte Logistik<\/h2>\r\n\t\t\t\t\t\t\t\t\t\t\t<p>Die Logistik steht im Mittelpunkt unserer Priorit\u00e4ten, um unseren H\u00e4ndlern ein reibungsloses und schnelles Erlebnis zu garantieren. Mit kurzen Lieferzeiten und einer professionellen Auftragsverwaltung gew\u00e4hrleisten wir eine regelm\u00e4\u00dfige und zuverl\u00e4ssige Belieferung. <br><br>Unser leistungsf\u00e4higes Logistiknetzwerk erm\u00f6glicht es uns, \u00fcberall in Frankreich zu liefern und dabei Ihre Anforderungen zu erf\u00fcllen. Dank robuster Verpackungen und einer effizienten Organisation kommen Ihre Produkte in einwandfreiem Zustand an und sind bereit, in die Regale gestellt oder an Ihre Kunden verkauft zu werden.<\/p>\r\n\t\t\t\t\t\t\t\t\t\t\t\t\t\t\t\t\t\t\t\t\t<\/div>\r\n\t\t\t\t\t\t\t\t\t<\/div>\r\n\t\t\t\t\t\t\t\t<\/div>\r\n\t\t\t\t\t\t\t\t\t\t\t\t\t\t<div id=\"tab-4\" class=\"tab-pane \">\r\n\t\t\t\t\t\t\t\t\t<div class=\"row\">\r\n\t\t\t\t\t\t\t\t\t\t<div class=\"col-md-6\">\r\n\t\t\t\t\t\t\t\t\t\t\t<img decoding=\"async\" src=\"https:\/\/www.france-copeaux.com\/wp-content\/uploads\/2024\/11\/distribution-scaled.jpg\" alt=\"\">\r\n\t\t\t\t\t\t\t\t\t\t<\/div>\r\n\t\t\t\t\t\t\t\t\t\t<div class=\"col-md-6\">\r\n\t\t\t\t\t\t\t\t\t\t\t<h2>Exklusiver Zugang zu Neuheiten<\/h2>\r\n\t\t\t\t\t\t\t\t\t\t\t<p>Als Wiederverk\u00e4ufer von France Copeaux erhalten Sie auch eine Vorschau auf unsere Neuheiten. Als privilegierter Partner entdecken Sie unsere neuen Produkte vor ihrer offiziellen Markteinf\u00fchrung und k\u00f6nnen sie Ihren Kunden vor Ihren Mitbewerbern anbieten. <br><br>Dieser exklusive Vorteil erm\u00f6glicht es Ihnen, an der Spitze der Trends zu bleiben und stets ein innovatives und attraktives Sortiment anzubieten. Durch die Zusammenarbeit mit uns st\u00e4rken Sie Ihre Position als Referenzh\u00e4ndler f\u00fcr nat\u00fcrliche und hochwertige Produkte.<\/p>\r\n\t\t\t\t\t\t\t\t\t\t\t\t\t\t\t\t\t\t\t\t\t<\/div>\r\n\t\t\t\t\t\t\t\t\t<\/div>\r\n\t\t\t\t\t\t\t\t<\/div>\r\n\t\t\t\t\t\t\t\t\t\t\t\t\r\n\t\t\t\t\t<\/div>\r\n\t\t<\/div>\r\n\t\t\r\n\t\t\r\n    \t\t\t\t\t<\/div>\n\t\t\t\t<\/div>\n\t\t\t\t\t<\/div>\n\t\t<\/div>\n\t\t\t\t\t<\/div>\n\t\t<\/section>\n\t\t\t\t<section class=\"elementor-section elementor-top-section elementor-element elementor-element-0cb0917 elementor-section-boxed elementor-section-height-default elementor-section-height-default\" data-id=\"0cb0917\" data-element_type=\"section\" data-e-type=\"section\" data-settings=\"{&quot;background_background&quot;:&quot;classic&quot;}\">\n\t\t\t\t\t\t<div class=\"elementor-container elementor-column-gap-default\">\n\t\t\t\t\t<div class=\"elementor-column elementor-col-100 elementor-top-column elementor-element elementor-element-6bfcd7f\" data-id=\"6bfcd7f\" data-element_type=\"column\" data-e-type=\"column\">\n\t\t\t<div class=\"elementor-widget-wrap elementor-element-populated\">\n\t\t\t\t\t\t<div class=\"elementor-element elementor-element-dd0e277 elementor-widget elementor-widget-sectiontitle\" data-id=\"dd0e277\" data-element_type=\"widget\" data-e-type=\"widget\" data-widget_type=\"sectiontitle.default\">\n\t\t\t\t<div class=\"elementor-widget-container\">\n\t\t\t\t\t\r\n\t\t\t\t\t<div class=\"style-six\">\r\n\r\n\t\t\t\t<div class=\"section-title t_center\">\r\n\t\t\t\t\t \r\n\t\t\t\t\t\t<h5>KONTAKTIEREN SIE UNS<\/h5>\r\n\t\t\t\t\t\r\n\t\t\t\t\t \r\n\t\t\t\t\t\t<h3>FACHLEUTE, DIE IHNEN ZUH\u00d6REN<\/h3>\r\n\t\t\t\t\t\r\n\t\t\t\t\t\r\n\t\t\t\t\t \r\n\t\t\t\t\t\t<p>Haben Sie eine Frage zu unseren Produkten? Ben\u00f6tigen Sie einen genauen Kostenvoranschlag? Oder eine Beratung? Unser Team steht Ihnen f\u00fcr alle Fragen zur Verf\u00fcgung<\/p>\r\n\t\t\t\t\t\r\n\r\n\r\n\t\t\t\t<\/div>\t\r\n\r\n\t\t\t<\/div>\r\n\r\n\t\t\r\n\t\t\t\t\t\t<\/div>\n\t\t\t\t<\/div>\n\t\t\t\t\t<\/div>\n\t\t<\/div>\n\t\t\t\t\t<\/div>\n\t\t<\/section>\n\t\t\t\t<section class=\"elementor-section elementor-top-section elementor-element elementor-element-b0fbf20 elementor-section-boxed elementor-section-height-default elementor-section-height-default\" data-id=\"b0fbf20\" data-element_type=\"section\" data-e-type=\"section\">\n\t\t\t\t\t\t<div class=\"elementor-container elementor-column-gap-default\">\n\t\t\t\t\t<div class=\"elementor-column elementor-col-100 elementor-top-column elementor-element elementor-element-976e7df\" data-id=\"976e7df\" data-element_type=\"column\" data-e-type=\"column\">\n\t\t\t<div class=\"elementor-widget-wrap elementor-element-populated\">\n\t\t\t\t\t\t<section class=\"elementor-section elementor-inner-section elementor-element elementor-element-a668587 elementor-section-boxed elementor-section-height-default elementor-section-height-default\" data-id=\"a668587\" data-element_type=\"section\" data-e-type=\"section\">\n\t\t\t\t\t\t<div class=\"elementor-container elementor-column-gap-default\">\n\t\t\t\t\t<div class=\"elementor-column elementor-col-33 elementor-inner-column elementor-element elementor-element-34900e0\" data-id=\"34900e0\" data-element_type=\"column\" data-e-type=\"column\">\n\t\t\t<div class=\"elementor-widget-wrap elementor-element-populated\">\n\t\t\t\t\t\t<div class=\"elementor-element elementor-element-7d48d34 elementor-widget elementor-widget-feature\" data-id=\"7d48d34\" data-element_type=\"widget\" data-e-type=\"widget\" data-widget_type=\"feature.default\">\n\t\t\t\t<div class=\"elementor-widget-container\">\n\t\t\t\t\t\r\n\r\n\t\t\t\t\t<div class=\"feature-box style-eight d-flex align-items-center \">\r\n\t\t\t\t<div class=\"feature-box-icon\">\r\n\t\t\t\t\t<span><i class=\"flaticon flaticon-snow-globe restly-flaticon\"><\/i><\/span>\r\n\t\t\t\t<\/div>\t\t\t\r\n\t\t\t\t<div class=\"feature-box-content\">\r\n\t\t\t\t\t<div class=\"feature-box-title\">\r\n\t\t\t\t\t\t<h2>Unsere Adresse<\/h2>\r\n\t\t\t\t\t<\/div>\r\n\t\t\t\t\t<div class=\"feature-box-desc\">\r\n\t\t\t\t\t\t<p>P.A. du Val d'Oust<br>\n56140 Saint-ABRAHAM<\/p>\r\n\t\t\t\t\t<\/div>\r\n\t\t\t\t\t\t\t\t\t<\/div>\r\n\t\t\t<\/div>\r\n\r\n\t\t\r\n\t\t\t\t\t<\/div>\n\t\t\t\t<\/div>\n\t\t\t\t\t<\/div>\n\t\t<\/div>\n\t\t\t\t<div class=\"elementor-column elementor-col-33 elementor-inner-column elementor-element elementor-element-9abe4fa\" data-id=\"9abe4fa\" data-element_type=\"column\" data-e-type=\"column\">\n\t\t\t<div class=\"elementor-widget-wrap elementor-element-populated\">\n\t\t\t\t\t\t<div class=\"elementor-element elementor-element-22d7518 elementor-widget elementor-widget-feature\" data-id=\"22d7518\" data-element_type=\"widget\" data-e-type=\"widget\" data-widget_type=\"feature.default\">\n\t\t\t\t<div class=\"elementor-widget-container\">\n\t\t\t\t\t\r\n\r\n\t\t\t\t\t<div class=\"feature-box style-eight d-flex align-items-center \">\r\n\t\t\t\t<div class=\"feature-box-icon\">\r\n\t\t\t\t\t<span><i class=\"flaticon flaticon-email restly-flaticon\"><\/i><\/span>\r\n\t\t\t\t<\/div>\t\t\t\r\n\t\t\t\t<div class=\"feature-box-content\">\r\n\t\t\t\t\t<div class=\"feature-box-title\">\r\n\t\t\t\t\t\t<h2>E-Mail<\/h2>\r\n\t\t\t\t\t<\/div>\r\n\t\t\t\t\t<div class=\"feature-box-desc\">\r\n\t\t\t\t\t\t<p>contact@francecopeaux.fr<br><br><\/p>\r\n\t\t\t\t\t<\/div>\r\n\t\t\t\t\t\t\t\t\t<\/div>\r\n\t\t\t<\/div>\r\n\r\n\t\t\r\n\t\t\t\t\t<\/div>\n\t\t\t\t<\/div>\n\t\t\t\t\t<\/div>\n\t\t<\/div>\n\t\t\t\t<div class=\"elementor-column elementor-col-33 elementor-inner-column elementor-element elementor-element-eb3664a\" data-id=\"eb3664a\" data-element_type=\"column\" data-e-type=\"column\">\n\t\t\t<div class=\"elementor-widget-wrap elementor-element-populated\">\n\t\t\t\t\t\t<div class=\"elementor-element elementor-element-a69e7cd elementor-widget elementor-widget-feature\" data-id=\"a69e7cd\" data-element_type=\"widget\" data-e-type=\"widget\" data-widget_type=\"feature.default\">\n\t\t\t\t<div class=\"elementor-widget-container\">\n\t\t\t\t\t\r\n\r\n\t\t\t\t\t<div class=\"feature-box style-eight d-flex align-items-center \">\r\n\t\t\t\t<div class=\"feature-box-icon\">\r\n\t\t\t\t\t<span><i class=\"flaticon flaticon-phone-call restly-flaticon\"><\/i><\/span>\r\n\t\t\t\t<\/div>\t\t\t\r\n\t\t\t\t<div class=\"feature-box-content\">\r\n\t\t\t\t\t<div class=\"feature-box-title\">\r\n\t\t\t\t\t\t<h2>Telefon<\/h2>\r\n\t\t\t\t\t<\/div>\r\n\t\t\t\t\t<div class=\"feature-box-desc\">\r\n\t\t\t\t\t\t<p>00 332 97 74 84<br><br>\n<\/p>\r\n\t\t\t\t\t<\/div>\r\n\t\t\t\t\t\t\t\t\t<\/div>\r\n\t\t\t<\/div>\r\n\r\n\t\t\r\n\t\t\t\t\t<\/div>\n\t\t\t\t<\/div>\n\t\t\t\t\t<\/div>\n\t\t<\/div>\n\t\t\t\t\t<\/div>\n\t\t<\/section>\n\t\t\t\t\t<\/div>\n\t\t<\/div>\n\t\t\t\t\t<\/div>\n\t\t<\/section>\n\t\t\t\t<\/div>\n\t\t","protected":false},"excerpt":{"rendered":"<p>Fachh\u00e4ndler Wiederverk\u00e4ufer der Produkte France Copeaux werden M\u00f6chten Sie Ihren Kunden Qualit\u00e4tsprodukte anbieten und gleichzeitig mit einem engagierten Unternehmen zusammenarbeiten? Treten Sie unserem H\u00e4ndlernetz bei und profitieren Sie von exklusiven Vorteilen. Kontaktieren Sie uns Qualit\u00e4tsprodukte Wenn Sie die Produkte von France Copeaux vertreiben, haben Sie Zugang zu Premium-Qualit\u00e4tsprodukten, die die Bed\u00fcrfnisse Ihrer Kunden ber\u00fccksichtigen, um [&hellip;]<\/p>\n","protected":false},"author":1,"featured_media":0,"parent":0,"menu_order":0,"comment_status":"closed","ping_status":"closed","template":"elementor_header_footer","meta":{"om_disable_all_campaigns":false,"_monsterinsights_skip_tracking":false,"_monsterinsights_sitenote_active":false,"_monsterinsights_sitenote_note":"","_monsterinsights_sitenote_category":0,"footnotes":""},"class_list":["post-28050","page","type-page","status-publish","hentry"],"aioseo_notices":[],"_links":{"self":[{"href":"https:\/\/www.france-copeaux.com\/de\/wp-json\/wp\/v2\/pages\/28050","targetHints":{"allow":["GET"]}}],"collection":[{"href":"https:\/\/www.france-copeaux.com\/de\/wp-json\/wp\/v2\/pages"}],"about":[{"href":"https:\/\/www.france-copeaux.com\/de\/wp-json\/wp\/v2\/types\/page"}],"author":[{"embeddable":true,"href":"https:\/\/www.france-copeaux.com\/de\/wp-json\/wp\/v2\/users\/1"}],"replies":[{"embeddable":true,"href":"https:\/\/www.france-copeaux.com\/de\/wp-json\/wp\/v2\/comments?post=28050"}],"version-history":[{"count":15,"href":"https:\/\/www.france-copeaux.com\/de\/wp-json\/wp\/v2\/pages\/28050\/revisions"}],"predecessor-version":[{"id":29158,"href":"https:\/\/www.france-copeaux.com\/de\/wp-json\/wp\/v2\/pages\/28050\/revisions\/29158"}],"wp:attachment":[{"href":"https:\/\/www.france-copeaux.com\/de\/wp-json\/wp\/v2\/media?parent=28050"}],"curies":[{"name":"wp","href":"https:\/\/api.w.org\/{rel}","templated":true}]}}