{"id":28108,"date":"2024-11-06T12:50:37","date_gmt":"2024-11-06T11:50:37","guid":{"rendered":"https:\/\/www.france-copeaux.com\/terms-of-use\/"},"modified":"2025-03-05T16:30:11","modified_gmt":"2025-03-05T15:30:11","slug":"nutzungsbedingungen","status":"publish","type":"page","link":"https:\/\/www.france-copeaux.com\/de\/nutzungsbedingungen\/","title":{"rendered":"Nutzungsbedingungen"},"content":{"rendered":"\t\t<div data-elementor-type=\"wp-page\" data-elementor-id=\"28108\" class=\"elementor elementor-28108 elementor-23116\" data-elementor-post-type=\"page\">\n\t\t\t\t<div class=\"elementor-element elementor-element-d6dfec4 e-flex e-con-boxed e-con e-parent\" data-id=\"d6dfec4\" data-element_type=\"container\" data-e-type=\"container\">\n\t\t\t\t\t<div class=\"e-con-inner\">\n\t\t\t\t<div class=\"elementor-element elementor-element-c37370d elementor-widget elementor-widget-heading\" data-id=\"c37370d\" data-element_type=\"widget\" data-e-type=\"widget\" data-widget_type=\"heading.default\">\n\t\t\t\t<div class=\"elementor-widget-container\">\n\t\t\t\t\t<h1 class=\"elementor-heading-title elementor-size-default\">Nutzungsbedingungen<\/h1>\t\t\t\t<\/div>\n\t\t\t\t<\/div>\n\t\t\t\t\t<\/div>\n\t\t\t\t<\/div>\n\t\t<div class=\"elementor-element elementor-element-2adff5f6 e-flex e-con-boxed e-con e-parent\" data-id=\"2adff5f6\" data-element_type=\"container\" data-e-type=\"container\">\n\t\t\t\t\t<div class=\"e-con-inner\">\n\t\t\t\t<div class=\"elementor-element elementor-element-76a435d1 elementor-widget elementor-widget-text-editor\" data-id=\"76a435d1\" data-element_type=\"widget\" data-e-type=\"widget\" data-widget_type=\"text-editor.default\">\n\t\t\t\t<div class=\"elementor-widget-container\">\n\t\t\t\t\t\t\t\t\t\r\n<p>Gem\u00e4\u00df den Bestimmungen des Gesetzes Nr. 2004-575 vom 21. Juni 2004 f\u00fcr das Vertrauen in die digitale Wirtschaft wird den Nutzern der Website Francecopeaux.com die Identit\u00e4t der verschiedenen an ihrer Erstellung und \u00dcberwachung beteiligten Parteien erl\u00e4utert.<\/p>\r\n<p> <\/p>\r\n\r\n<h2><strong>Seiten-Redaktion<\/strong><\/h2>\r\n\r\n<p> <\/p>\r\n<p>Die vorliegende Website, erreichbar unter der URL https:\/\/www.france-copeaux.com\/ (die \u201eWebsite\u201c), wird herausgegeben von:<\/p>\r\n\r\n<p><em><br \/><\/em>FRANCE COPEAUX , Gesellschaft mit einem Kapital von 320.000 Euro, eingetragen im Handelsregister von VANNES unter der Nummer B 412 668 394, mit Sitz in PARC D ACTIVITE VAL D OUST SUD &#8211; 56140 SAINT-ABRAHAM, vertreten durch Alexandre Levesque, ordnungsgem\u00e4\u00df bevollm\u00e4chtigt<\/p>\r\n\r\n<p>Die individuelle MwSt.-Nummer des Herausgebers lautet: FR14412668394.<\/p>\r\n<p> <\/p>\r\n\r\n<h2><strong>Hosting<\/strong><\/h2>\r\n\r\n<p><br \/>Die Website wird gehostet von der Firma OVH SAS, 2 rue Kellermann &#8211; BP 80157 &#8211; 59053 Roubaix Cedex 1 (telefonischer Kontakt oder E-Mail: 1007).<\/p>\r\n<p> <\/p>\r\n\r\n<h2><strong>Verantwortlicher f\u00fcr die Ver\u00f6ffentlichung<\/strong><\/h2>\r\n\r\n<p><br \/>Der Verantwortliche f\u00fcr die Ver\u00f6ffentlichung der Website ist Alexandre Levesque.<\/p>\r\n\r\n<p><strong>Kontakt<\/strong><\/p>\r\n\r\n<p><br \/>Telefonisch: +33297748484<\/p>\r\n\r\n<p>Per E-Mail: contact@francecopeaux.fr<\/p>\r\n\r\n<p>Per Post: PARC D ACTIVITE VAL D OUST SUD 56140 SAINT-ABRAHAM PARC D ACTIVITE VAL D OUST SUD 56140 SAINT-ABRAHAM<\/p>\r\n<p> <\/p>\r\n\r\n<h2><strong>Personenbezogene Daten<\/strong><\/h2>\r\n\r\n<p> <\/p>\r\n<p>Die Verarbeitung Ihrer personenbezogenen Daten wird durch unsere Datenschutzrichtlinie geregelt, welche im Abschnitt \u201eDatenschutzerkl\u00e4rung\u201c verf\u00fcgbar ist, gem\u00e4\u00df der Datenschutz-Grundverordnung (DSGVO) 2016\/679 vom 27. April 2016.<\/p>\r\n\r\n<p>Alexandre Levesque hat einen Datenschutzbeauftragten (DPO) bei der CNIL benannt (Benennungsnummer: ). Die Kontaktdaten unseres Datenschutzbeauftragten lauten wie folgt:<\/p>\r\n\r\n<p>Name: Alexandre Levesque<\/p>\r\n\r\n<p>Anschrift: PARC D ACTIVITE VAL D OUST SUD 56140 SAINT-ABRAHAM<\/p>\r\n\r\n<p>Telefon: +33297748484<\/p>\r\n\r\n<p>E-Mail: contact@francecopeaux.fr<\/p>\r\n\t\t\t\t\t\t\t\t<\/div>\n\t\t\t\t<\/div>\n\t\t\t\t\t<\/div>\n\t\t\t\t<\/div>\n\t\t\t\t<\/div>\n\t\t","protected":false},"excerpt":{"rendered":"<p>Terms of use In accordance with the provisions of law no. 2004-575 of June 21, 2004 on confidence in the digital economy, users of the Francecopeaux.com website are informed of the identity of the various parties involved in its creation and follow-up. Site editing This site, accessible at the URL https:\/\/www.france-copeaux.com\/ (the &#8220;Site&#8221;), is published [&hellip;]<\/p>\n","protected":false},"author":1,"featured_media":0,"parent":0,"menu_order":0,"comment_status":"closed","ping_status":"closed","template":"elementor_header_footer","meta":{"om_disable_all_campaigns":false,"_monsterinsights_skip_tracking":false,"_monsterinsights_sitenote_active":false,"_monsterinsights_sitenote_note":"","_monsterinsights_sitenote_category":0,"footnotes":""},"class_list":["post-28108","page","type-page","status-publish","hentry"],"aioseo_notices":[],"_links":{"self":[{"href":"https:\/\/www.france-copeaux.com\/de\/wp-json\/wp\/v2\/pages\/28108","targetHints":{"allow":["GET"]}}],"collection":[{"href":"https:\/\/www.france-copeaux.com\/de\/wp-json\/wp\/v2\/pages"}],"about":[{"href":"https:\/\/www.france-copeaux.com\/de\/wp-json\/wp\/v2\/types\/page"}],"author":[{"embeddable":true,"href":"https:\/\/www.france-copeaux.com\/de\/wp-json\/wp\/v2\/users\/1"}],"replies":[{"embeddable":true,"href":"https:\/\/www.france-copeaux.com\/de\/wp-json\/wp\/v2\/comments?post=28108"}],"version-history":[{"count":4,"href":"https:\/\/www.france-copeaux.com\/de\/wp-json\/wp\/v2\/pages\/28108\/revisions"}],"predecessor-version":[{"id":28690,"href":"https:\/\/www.france-copeaux.com\/de\/wp-json\/wp\/v2\/pages\/28108\/revisions\/28690"}],"wp:attachment":[{"href":"https:\/\/www.france-copeaux.com\/de\/wp-json\/wp\/v2\/media?parent=28108"}],"curies":[{"name":"wp","href":"https:\/\/api.w.org\/{rel}","templated":true}]}}