{"id":28081,"date":"2024-10-25T09:10:30","date_gmt":"2024-10-25T07:10:30","guid":{"rendered":"https:\/\/www.france-copeaux.com\/devenir-revendeur\/"},"modified":"2025-04-29T16:50:49","modified_gmt":"2025-04-29T14:50:49","slug":"dealer-worden","status":"publish","type":"page","link":"https:\/\/www.france-copeaux.com\/nl\/dealer-worden\/","title":{"rendered":"Dealer worden"},"content":{"rendered":"\t\t<div data-elementor-type=\"wp-page\" data-elementor-id=\"28081\" class=\"elementor elementor-28081 elementor-22185\" data-elementor-post-type=\"page\">\n\t\t\t\t\t\t<section class=\"elementor-section elementor-top-section elementor-element elementor-element-02775df elementor-section-full_width elementor-section-height-default elementor-section-height-default\" data-id=\"02775df\" data-element_type=\"section\" data-e-type=\"section\">\n\t\t\t\t\t\t<div class=\"elementor-container elementor-column-gap-no\">\n\t\t\t\t\t<div class=\"elementor-column elementor-col-100 elementor-top-column elementor-element elementor-element-d193f36\" data-id=\"d193f36\" data-element_type=\"column\" data-e-type=\"column\">\n\t\t\t<div class=\"elementor-widget-wrap elementor-element-populated\">\n\t\t\t\t\t\t<div class=\"elementor-element elementor-element-e39d1a6 elementor-invisible elementor-widget elementor-widget-slider\" data-id=\"e39d1a6\" data-element_type=\"widget\" data-e-type=\"widget\" data-settings=\"{&quot;_animation&quot;:&quot;fadeIn&quot;}\" data-widget_type=\"slider.default\">\n\t\t\t\t<div class=\"elementor-widget-container\">\n\t\t\t\t\t\r\n        \r\n            <section class=\"dreamit-slick-slider\">\r\n                <div class=\"default-slider slick\">\r\n                    \r\n                \r\n                        \r\n\t\t\t\t\t\t<div class=\"single-slick one align-items-center d-flex text-left\">\r\n                            <div class=\"container\">\r\n                                <div class=\"slide-img parallax-effect\"\r\n                                    style=\"background:url(https:\/\/www.france-copeaux.com\/wp-content\/uploads\/2025\/01\/revendeur4.jpg) center center \/ cover scroll no-repeat;\">\r\n                                <\/div>\r\n                                <div class=\"hero-text-wrap\">\r\n                                    <div class=\"hero-text\">\r\n                                        \r\n                                            <div class=\"white-color\">\r\n                                                 <h4> Revendeur <\/h4>                                                  <h1 class=\"font-600\"> Dealer worden van France Copeaux-producten <\/h1> \r\n                                                \t<p>Wilt u uw klanten kwaliteitsproducten aanbieden terwijl u samenwerkt met een toegewijd bedrijf? Sluit je aan bij ons netwerk van wederverkopers en profiteer van exclusieve voordelen.<\/p>\r\n\r\n                                                \t                                                    <a class=\"btn btn-gradient btn-md btn-animated-none\" href=\"https:\/\/www.france-copeaux.com\/contact\/\" >\r\n                                                            Contacteer ons                                                        <i class=\"flaticon-arrow-pointing-to-right\"><\/i>\r\n                                                    <\/a>\r\n                                                    \r\n                                                    \r\n                                                    \r\n                                            <\/div>\r\n                                        \r\n                                    <\/div>\r\n                                <\/div>\r\n                                <div class=\"slider-single-image\">\r\n                                \t<img decoding=\"async\" src=\"\" alt=\"\">\r\n                                <\/div>\r\n\t\t\t\t\t\t\t<\/div><!-- .container -->\r\n\r\n\r\n\t\t\t\t\t\t<\/div><!-- .single-slick -->\r\n\r\n                        \r\n                                    <\/div>\r\n            <\/section>\r\n            <script>\r\n                jQuery(document).ready(function() {\r\n                    jQuery(\".default-slider\").slick({\r\n                                                    dots: false,\r\n                            infinite: true,\r\n                            centerMode: true,\r\n                            autoplay: true,\r\n                            autoplaySpeed: 7000,\r\n                            slidesToShow: 1,\r\n                            slidesToScroll: 1,\r\n                            centerPadding: '0',\r\n                            arrows: true\r\n                                            });\r\n                });\r\n            <\/script>\r\n\r\n        \r\n\r\n\r\n        \r\n\r\n\r\n\t\t\t\t\t<\/div>\n\t\t\t\t<\/div>\n\t\t\t\t\t<\/div>\n\t\t<\/div>\n\t\t\t\t\t<\/div>\n\t\t<\/section>\n\t\t\t\t<section class=\"elementor-section elementor-top-section elementor-element elementor-element-e400a70 elementor-section-boxed elementor-section-height-default elementor-section-height-default\" data-id=\"e400a70\" data-element_type=\"section\" data-e-type=\"section\">\n\t\t\t\t\t\t<div class=\"elementor-container elementor-column-gap-default\">\n\t\t\t\t\t<div class=\"elementor-column elementor-col-100 elementor-top-column elementor-element elementor-element-5ffb4c7\" data-id=\"5ffb4c7\" data-element_type=\"column\" data-e-type=\"column\">\n\t\t\t<div class=\"elementor-widget-wrap elementor-element-populated\">\n\t\t\t\t\t\t<section class=\"elementor-section elementor-inner-section elementor-element elementor-element-8d7cee6 elementor-section-boxed elementor-section-height-default elementor-section-height-default\" data-id=\"8d7cee6\" data-element_type=\"section\" data-e-type=\"section\">\n\t\t\t\t\t\t<div class=\"elementor-container elementor-column-gap-default\">\n\t\t\t\t\t<div class=\"elementor-column elementor-col-33 elementor-inner-column elementor-element elementor-element-ac38d4f\" data-id=\"ac38d4f\" data-element_type=\"column\" data-e-type=\"column\">\n\t\t\t<div class=\"elementor-widget-wrap elementor-element-populated\">\n\t\t\t\t\t\t<div class=\"elementor-element elementor-element-f6faf1a elementor-widget elementor-widget-feature\" data-id=\"f6faf1a\" data-element_type=\"widget\" data-e-type=\"widget\" data-widget_type=\"feature.default\">\n\t\t\t\t<div class=\"elementor-widget-container\">\n\t\t\t\t\t\r\n\r\n\t\t\r\n\t\t\t<div class=\"feature-box default-style\">\r\n\t\t\t\t\r\n\t\t\t\t<div class=\"feature-box-icon\" style=\"display: flex;justify-content: center;align-items: center;\">\r\n\t\t\t\t\t<i class=\"far fa-star\"><\/i>\t\t\t\t<\/div>\t\t\t\r\n\t\t\t\t\r\n\t\t\t\t<div class=\"feature-box-content\">\r\n\r\n\t\t\t\t\t<div class=\"feature-box-number\">\r\n\t\t\t\t\t\t\r\n\t\t\t\t\t<\/div>\r\n\r\n\t\t\t\t\t<div class=\"feature-box-title\">\r\n\t\t\t\t\t\t<h2>Kwaliteitsproducten<\/h2>\r\n\t\t\t\t\t<\/div>\r\n\r\n\t\t\t\t\t<div class=\"feature-box-desc\">\r\n\t\t\t\t\t\t<p>Door de producten van France Copeaux te verdelen, krijgt u toegang tot producten van topkwaliteit die rekening houden met de behoeften van uw klanten om hen het allerbeste te bieden.<br><br><\/p>\r\n\t\t\t\t\t<\/div>\r\n\r\n\t\t\t\t\t\r\n\t\t\t\t<\/div>\r\n\t\t\t<\/div>\r\n\r\n\t\t\r\n\t\t\t\t\t<\/div>\n\t\t\t\t<\/div>\n\t\t\t\t\t<\/div>\n\t\t<\/div>\n\t\t\t\t<div class=\"elementor-column elementor-col-33 elementor-inner-column elementor-element elementor-element-8d1dd1a\" data-id=\"8d1dd1a\" data-element_type=\"column\" data-e-type=\"column\">\n\t\t\t<div class=\"elementor-widget-wrap elementor-element-populated\">\n\t\t\t\t\t\t<div class=\"elementor-element elementor-element-83e251f active elementor-widget elementor-widget-feature\" data-id=\"83e251f\" data-element_type=\"widget\" data-e-type=\"widget\" data-widget_type=\"feature.default\">\n\t\t\t\t<div class=\"elementor-widget-container\">\n\t\t\t\t\t\r\n\r\n\t\t\r\n\t\t\t<div class=\"feature-box default-style\">\r\n\t\t\t\t\r\n\t\t\t\t<div class=\"feature-box-icon\" style=\"display: flex;justify-content: center;align-items: center;\">\r\n\t\t\t\t\t<i class=\"fas fa-globe-africa\"><\/i>\t\t\t\t<\/div>\t\t\t\r\n\t\t\t\t\r\n\t\t\t\t<div class=\"feature-box-content\">\r\n\r\n\t\t\t\t\t<div class=\"feature-box-number\">\r\n\t\t\t\t\t\t\r\n\t\t\t\t\t<\/div>\r\n\r\n\t\t\t\t\t<div class=\"feature-box-title\">\r\n\t\t\t\t\t\t<h2>Respect voor het milieu<\/h2>\r\n\t\t\t\t\t<\/div>\r\n\r\n\t\t\t\t\t<div class=\"feature-box-desc\">\r\n\t\t\t\t\t\t<p>We zullen u systematisch producten aanbieden die zo dicht mogelijk bij uw distributielocaties zijn gemaakt om onze CO2-impact te beperken.<br><br><br><br><\/p>\r\n\t\t\t\t\t<\/div>\r\n\r\n\t\t\t\t\t\r\n\t\t\t\t<\/div>\r\n\t\t\t<\/div>\r\n\r\n\t\t\r\n\t\t\t\t\t<\/div>\n\t\t\t\t<\/div>\n\t\t\t\t\t<\/div>\n\t\t<\/div>\n\t\t\t\t<div class=\"elementor-column elementor-col-33 elementor-inner-column elementor-element elementor-element-40fc189\" data-id=\"40fc189\" data-element_type=\"column\" data-e-type=\"column\">\n\t\t\t<div class=\"elementor-widget-wrap elementor-element-populated\">\n\t\t\t\t\t\t<div class=\"elementor-element elementor-element-89d2049 elementor-widget elementor-widget-feature\" data-id=\"89d2049\" data-element_type=\"widget\" data-e-type=\"widget\" data-widget_type=\"feature.default\">\n\t\t\t\t<div class=\"elementor-widget-container\">\n\t\t\t\t\t\r\n\r\n\t\t\r\n\t\t\t<div class=\"feature-box default-style\">\r\n\t\t\t\t\r\n\t\t\t\t<div class=\"feature-box-icon\" style=\"display: flex;justify-content: center;align-items: center;\">\r\n\t\t\t\t\t<i class=\"fas fa-hourglass-end\"><\/i>\t\t\t\t<\/div>\t\t\t\r\n\t\t\t\t\r\n\t\t\t\t<div class=\"feature-box-content\">\r\n\r\n\t\t\t\t\t<div class=\"feature-box-number\">\r\n\t\t\t\t\t\t\r\n\t\t\t\t\t<\/div>\r\n\r\n\t\t\t\t\t<div class=\"feature-box-title\">\r\n\t\t\t\t\t\t<h2>Onderzoek en ontwikkeling<\/h2>\r\n\t\t\t\t\t<\/div>\r\n\r\n\t\t\t\t\t<div class=\"feature-box-desc\">\r\n\t\t\t\t\t\t<p>France Copeaux investeert voortdurend in onderzoek en ontwikkeling om de terugwinning van houtafval te optimaliseren. Ons team van experts werkt op verschillende gebieden aan innovatie om steeds effectievere oplossingen te kunnen bieden.<\/p>\r\n\t\t\t\t\t<\/div>\r\n\r\n\t\t\t\t\t\r\n\t\t\t\t<\/div>\r\n\t\t\t<\/div>\r\n\r\n\t\t\r\n\t\t\t\t\t<\/div>\n\t\t\t\t<\/div>\n\t\t\t\t\t<\/div>\n\t\t<\/div>\n\t\t\t\t\t<\/div>\n\t\t<\/section>\n\t\t\t\t\t<\/div>\n\t\t<\/div>\n\t\t\t\t\t<\/div>\n\t\t<\/section>\n\t\t\t\t<section class=\"elementor-section elementor-top-section elementor-element elementor-element-22ee062 elementor-section-boxed elementor-section-height-default elementor-section-height-default\" data-id=\"22ee062\" data-element_type=\"section\" data-e-type=\"section\" data-settings=\"{&quot;background_background&quot;:&quot;classic&quot;}\">\n\t\t\t\t\t\t\t<div class=\"elementor-background-overlay\"><\/div>\n\t\t\t\t\t\t\t<div class=\"elementor-container elementor-column-gap-default\">\n\t\t\t\t\t<div class=\"elementor-column elementor-col-100 elementor-top-column elementor-element elementor-element-3854dd4\" data-id=\"3854dd4\" data-element_type=\"column\" data-e-type=\"column\">\n\t\t\t<div class=\"elementor-widget-wrap elementor-element-populated\">\n\t\t\t\t\t\t<div class=\"elementor-element elementor-element-ed7c8de elementor-widget elementor-widget-sectiontitle\" data-id=\"ed7c8de\" data-element_type=\"widget\" data-e-type=\"widget\" data-widget_type=\"sectiontitle.default\">\n\t\t\t\t<div class=\"elementor-widget-container\">\n\t\t\t\t\t\r\n\t\t\t\t\t<div class=\"style-11\">\r\n\r\n\t\t\t\t<div class=\"section-title t_center\">\r\n\t\t\t\t\t \r\n\t\t\t\t\t\t<h5>ONZE RESELLERSERVICE<\/h5>\r\n\t\t\t\t\t\r\n\t\t\t\t\t \r\n\t\t\t\t\t\t<h3><span><\/span>WERKEN MET FRANKRIJK COPEAUX<\/h3>\r\n\t\t\t\t\t\r\n\t\t\t\t\t\r\n\t\t\t\t\t \r\n\t\t\t\t\t\t<p>Deelnemen aan het dealernetwerk van France Copeaux is kiezen voor een partner die zich inzet voor kwaliteit, nabijheid en innovatie. Wij zijn gespecialiseerd in de verkoop van strooisel voor dieren, rookhout, brandhout en tuinmulch. Wij bieden u natuurlijke en hoogwaardige producten die voldoen aan de verwachtingen van uw klanten. Het is onze missie om u bij elke stap te ondersteunen, met persoonlijke service, geoptimaliseerde logistiek en exclusieve voordelen. Als wederverkoper profiteert u van bevoorrechte toegang tot nieuwe producten, concurrerende prijzen en onze unieke expertise. Vertrouw op France Copeaux om uw bedrijf te ontwikkelen en uw klanten het allerbeste te bieden.<br><br>Van inzameling tot verwerking en uiteindelijke distributie, wij beheersen de hele waardeketen. Onze robuuste organisatie is gebaseerd op toegewijde logistieke middelen, een grote opslagcapaciteit verspreid over twee regionale platforms en een nationaal en internationaal distributienetwerk. Dankzij deze operationele autonomie kunnen we u een vlot en naadloos beheer van uw houtafval garanderen, ongeacht uw productievolumes.<\/p>\r\n\t\t\t\t\t\r\n\r\n\r\n\t\t\t\t<\/div>\t\r\n\r\n\t\t\t<\/div>\r\n\t\t\r\n\t\t\t\t\t\t<\/div>\n\t\t\t\t<\/div>\n\t\t\t\t<div class=\"elementor-element elementor-element-2ee243f elementor-widget elementor-widget-tab\" data-id=\"2ee243f\" data-element_type=\"widget\" data-e-type=\"widget\" data-widget_type=\"tab.default\">\n\t\t\t\t<div class=\"elementor-widget-container\">\n\t\t\t\t\t    \t\r\n    \t\r\n    \t<div class=\"tab\">\r\n\t\t\t\t<ul class=\"nav nav-tabs\">\r\n\t\t\t\t\t\t\t\t\t\t\t<li class=\"active\"><a href=\"#tab-1\">Productkwaliteit<\/a><\/li>\r\n\t\t\t\t\t\t\t\t\t\t\t<li ><a href=\"#tab-2\">Speciale ondersteuning<\/a><\/li>\r\n\t\t\t\t\t\t\t\t\t\t\t<li ><a href=\"#tab-3\">Geoptimaliseerde logistiek<\/a><\/li>\r\n\t\t\t\t\t\t\t\t\t\t\t<li ><a href=\"#tab-4\">Nieuwe dingen<\/a><\/li>\r\n\t\t\t\t\t\t\t\t\t<\/ul>\r\n\t\t\t\t\t<div class=\"tab-content\">\r\n\t\t\t\t\t\t\t\t\t\t\t\t\t\t<div id=\"tab-1\" class=\"tab-pane active\">\r\n\t\t\t\t\t\t\t\t\t<div class=\"row\">\r\n\t\t\t\t\t\t\t\t\t\t<div class=\"col-md-6\">\r\n\t\t\t\t\t\t\t\t\t\t\t<img decoding=\"async\" src=\"https:\/\/www.france-copeaux.com\/wp-content\/uploads\/2024\/11\/expertise-scaled.jpg\" alt=\"\">\r\n\t\t\t\t\t\t\t\t\t\t<\/div>\r\n\t\t\t\t\t\t\t\t\t\t<div class=\"col-md-6\">\r\n\t\t\t\t\t\t\t\t\t\t\t<h2>Productkwaliteit<\/h2>\r\n\t\t\t\t\t\t\t\t\t\t\t<p>Bij France Copeaux selecteren we zorgvuldig natuurlijke grondstoffen om producten van hoge kwaliteit te garanderen die afgestemd zijn op de behoeften van uw klanten. Onze stalstrooisels, rookhout, brandhout en tuinmulch zijn ontworpen om prestaties en duurzaamheid te bieden, met respect voor het milieu. \n<br><br>\nElk product wordt streng getest om aan de hoogste normen te voldoen. Door onze producten aan te bieden, kunt u uw klanten een betrouwbare en verantwoorde oplossing bieden die effici\u00ebntie en respect voor de natuur combineert.<\/p>\r\n\t\t\t\t\t\t\t\t\t\t\t\t\t\t\t\t\t\t\t\t\t<\/div>\r\n\t\t\t\t\t\t\t\t\t<\/div>\r\n\t\t\t\t\t\t\t\t<\/div>\r\n\t\t\t\t\t\t\t\t\t\t\t\t\t\t<div id=\"tab-2\" class=\"tab-pane \">\r\n\t\t\t\t\t\t\t\t\t<div class=\"row\">\r\n\t\t\t\t\t\t\t\t\t\t<div class=\"col-md-6\">\r\n\t\t\t\t\t\t\t\t\t\t\t<img decoding=\"async\" src=\"https:\/\/www.france-copeaux.com\/wp-content\/uploads\/2024\/11\/service-dediee-scaled.jpg\" alt=\"\">\r\n\t\t\t\t\t\t\t\t\t\t<\/div>\r\n\t\t\t\t\t\t\t\t\t\t<div class=\"col-md-6\">\r\n\t\t\t\t\t\t\t\t\t\t\t<h2>Speciale ondersteuning<\/h2>\r\n\t\t\t\t\t\t\t\t\t\t\t<p>Als verkoper van France Copeaux profiteert u van een persoonlijke service die u bij elke stap ondersteunt. Ons team staat klaar om uw vragen te beantwoorden, u te adviseren over de producten die het best bij uw behoeften passen en u te begeleiden bij uw bestellingen. We kunnen u ook marketingtools en opleidingen aanbieden om u te helpen onze producten bij uw klanten te promoten. <br><br>\nMet France Copeaux staat u er nooit alleen voor en we zijn er om u te ondersteunen bij het ontwikkelen van uw bedrijf.<\/p>\r\n\t\t\t\t\t\t\t\t\t\t\t\t\t\t\t\t\t\t\t\t\t<\/div>\r\n\t\t\t\t\t\t\t\t\t<\/div>\r\n\t\t\t\t\t\t\t\t<\/div>\r\n\t\t\t\t\t\t\t\t\t\t\t\t\t\t<div id=\"tab-3\" class=\"tab-pane \">\r\n\t\t\t\t\t\t\t\t\t<div class=\"row\">\r\n\t\t\t\t\t\t\t\t\t\t<div class=\"col-md-6\">\r\n\t\t\t\t\t\t\t\t\t\t\t<img decoding=\"async\" src=\"https:\/\/www.france-copeaux.com\/wp-content\/uploads\/2024\/11\/Skype_Picture_2024_06_04T09_09_44_477Z-scaled.jpeg\" alt=\"\">\r\n\t\t\t\t\t\t\t\t\t\t<\/div>\r\n\t\t\t\t\t\t\t\t\t\t<div class=\"col-md-6\">\r\n\t\t\t\t\t\t\t\t\t\t\t<h2>Geoptimaliseerde logistiek<\/h2>\r\n\t\t\t\t\t\t\t\t\t\t\t<p>Logistiek is de kern van onze prioriteiten om een soepele en snelle ervaring voor onze winkeliers te garanderen. Met korte levertijden en professioneel orderbeheer zorgen we voor regelmatige, betrouwbare leveringen. <br><br>Met ons hoogwaardige logistieke netwerk kunnen we overal in Frankrijk leveren, volgens uw wensen. Dankzij de stevige verpakking en effici\u00ebnte organisatie komen uw producten in perfecte staat aan, klaar om in de schappen te worden gelegd of aan uw klanten te worden verkocht.<\/p>\r\n\t\t\t\t\t\t\t\t\t\t\t\t\t\t\t\t\t\t\t\t\t<\/div>\r\n\t\t\t\t\t\t\t\t\t<\/div>\r\n\t\t\t\t\t\t\t\t<\/div>\r\n\t\t\t\t\t\t\t\t\t\t\t\t\t\t<div id=\"tab-4\" class=\"tab-pane \">\r\n\t\t\t\t\t\t\t\t\t<div class=\"row\">\r\n\t\t\t\t\t\t\t\t\t\t<div class=\"col-md-6\">\r\n\t\t\t\t\t\t\t\t\t\t\t<img decoding=\"async\" src=\"https:\/\/www.france-copeaux.com\/wp-content\/uploads\/2024\/11\/distribution-scaled.jpg\" alt=\"\">\r\n\t\t\t\t\t\t\t\t\t\t<\/div>\r\n\t\t\t\t\t\t\t\t\t\t<div class=\"col-md-6\">\r\n\t\t\t\t\t\t\t\t\t\t\t<h2>Exclusieve toegang tot nieuwe producten<\/h2>\r\n\t\t\t\t\t\t\t\t\t\t\t<p>Als detailhandelaar van France Copeaux krijgt u ook vooraf toegang tot onze nieuwe producten. Als bevoorrechte partner ontdekt u onze nieuwe producten v\u00f3\u00f3r hun offici\u00eble lancering en kunt u ze eerder aan uw klanten aanbieden dan uw concurrenten. <br><br>Dit exclusieve voordeel stelt u in staat om voorop te blijven lopen met trends en altijd een innovatief en aantrekkelijk assortiment aan te bieden. Door met ons samen te werken, versterkt u uw positie als referentieverkoper van natuurlijke producten van hoge kwaliteit.<\/p>\r\n\t\t\t\t\t\t\t\t\t\t\t\t\t\t\t\t\t\t\t\t\t<\/div>\r\n\t\t\t\t\t\t\t\t\t<\/div>\r\n\t\t\t\t\t\t\t\t<\/div>\r\n\t\t\t\t\t\t\t\t\t\t\t\t\r\n\t\t\t\t\t<\/div>\r\n\t\t<\/div>\r\n\t\t\r\n\t\t\r\n    \t\t\t\t\t<\/div>\n\t\t\t\t<\/div>\n\t\t\t\t\t<\/div>\n\t\t<\/div>\n\t\t\t\t\t<\/div>\n\t\t<\/section>\n\t\t\t\t<section class=\"elementor-section elementor-top-section elementor-element elementor-element-0cb0917 elementor-section-boxed elementor-section-height-default elementor-section-height-default\" data-id=\"0cb0917\" data-element_type=\"section\" data-e-type=\"section\" data-settings=\"{&quot;background_background&quot;:&quot;classic&quot;}\">\n\t\t\t\t\t\t<div class=\"elementor-container elementor-column-gap-default\">\n\t\t\t\t\t<div class=\"elementor-column elementor-col-100 elementor-top-column elementor-element elementor-element-6bfcd7f\" data-id=\"6bfcd7f\" data-element_type=\"column\" data-e-type=\"column\">\n\t\t\t<div class=\"elementor-widget-wrap elementor-element-populated\">\n\t\t\t\t\t\t<div class=\"elementor-element elementor-element-dd0e277 elementor-widget elementor-widget-sectiontitle\" data-id=\"dd0e277\" data-element_type=\"widget\" data-e-type=\"widget\" data-widget_type=\"sectiontitle.default\">\n\t\t\t\t<div class=\"elementor-widget-container\">\n\t\t\t\t\t\r\n\t\t\t\t\t<div class=\"style-six\">\r\n\r\n\t\t\t\t<div class=\"section-title t_center\">\r\n\t\t\t\t\t \r\n\t\t\t\t\t\t<h5>CONTACT ONS<\/h5>\r\n\t\t\t\t\t\r\n\t\t\t\t\t \r\n\t\t\t\t\t\t<h3>PROFESSIONALS TOT UW DIENST<\/h3>\r\n\t\t\t\t\t\r\n\t\t\t\t\t\r\n\t\t\t\t\t \r\n\t\t\t\t\t\t<p>Heb je een vraag over onze producten? Een nauwkeurige offerte nodig? Advies nodig? Ons team staat klaar om al uw vragen te beantwoorden<\/p>\r\n\t\t\t\t\t\r\n\r\n\r\n\t\t\t\t<\/div>\t\r\n\r\n\t\t\t<\/div>\r\n\r\n\t\t\r\n\t\t\t\t\t\t<\/div>\n\t\t\t\t<\/div>\n\t\t\t\t\t<\/div>\n\t\t<\/div>\n\t\t\t\t\t<\/div>\n\t\t<\/section>\n\t\t\t\t<section class=\"elementor-section elementor-top-section elementor-element elementor-element-b0fbf20 elementor-section-boxed elementor-section-height-default elementor-section-height-default\" data-id=\"b0fbf20\" data-element_type=\"section\" data-e-type=\"section\">\n\t\t\t\t\t\t<div class=\"elementor-container elementor-column-gap-default\">\n\t\t\t\t\t<div class=\"elementor-column elementor-col-100 elementor-top-column elementor-element elementor-element-976e7df\" data-id=\"976e7df\" data-element_type=\"column\" data-e-type=\"column\">\n\t\t\t<div class=\"elementor-widget-wrap elementor-element-populated\">\n\t\t\t\t\t\t<section class=\"elementor-section elementor-inner-section elementor-element elementor-element-a668587 elementor-section-boxed elementor-section-height-default elementor-section-height-default\" data-id=\"a668587\" data-element_type=\"section\" data-e-type=\"section\">\n\t\t\t\t\t\t<div class=\"elementor-container elementor-column-gap-default\">\n\t\t\t\t\t<div class=\"elementor-column elementor-col-33 elementor-inner-column elementor-element elementor-element-34900e0\" data-id=\"34900e0\" data-element_type=\"column\" data-e-type=\"column\">\n\t\t\t<div class=\"elementor-widget-wrap elementor-element-populated\">\n\t\t\t\t\t\t<div class=\"elementor-element elementor-element-7d48d34 elementor-widget elementor-widget-feature\" data-id=\"7d48d34\" data-element_type=\"widget\" data-e-type=\"widget\" data-widget_type=\"feature.default\">\n\t\t\t\t<div class=\"elementor-widget-container\">\n\t\t\t\t\t\r\n\r\n\t\t\t\t\t<div class=\"feature-box style-eight d-flex align-items-center \">\r\n\t\t\t\t<div class=\"feature-box-icon\">\r\n\t\t\t\t\t<span><i class=\"flaticon flaticon-snow-globe restly-flaticon\"><\/i><\/span>\r\n\t\t\t\t<\/div>\t\t\t\r\n\t\t\t\t<div class=\"feature-box-content\">\r\n\t\t\t\t\t<div class=\"feature-box-title\">\r\n\t\t\t\t\t\t<h2>Ons adres<\/h2>\r\n\t\t\t\t\t<\/div>\r\n\t\t\t\t\t<div class=\"feature-box-desc\">\r\n\t\t\t\t\t\t<p>P.A. du Val d'Oust<br>\n56140 Saint-ABRAHAM<\/p>\r\n\t\t\t\t\t<\/div>\r\n\t\t\t\t\t\t\t\t\t<\/div>\r\n\t\t\t<\/div>\r\n\r\n\t\t\r\n\t\t\t\t\t<\/div>\n\t\t\t\t<\/div>\n\t\t\t\t\t<\/div>\n\t\t<\/div>\n\t\t\t\t<div class=\"elementor-column elementor-col-33 elementor-inner-column elementor-element elementor-element-9abe4fa\" data-id=\"9abe4fa\" data-element_type=\"column\" data-e-type=\"column\">\n\t\t\t<div class=\"elementor-widget-wrap elementor-element-populated\">\n\t\t\t\t\t\t<div class=\"elementor-element elementor-element-22d7518 elementor-widget elementor-widget-feature\" data-id=\"22d7518\" data-element_type=\"widget\" data-e-type=\"widget\" data-widget_type=\"feature.default\">\n\t\t\t\t<div class=\"elementor-widget-container\">\n\t\t\t\t\t\r\n\r\n\t\t\t\t\t<div class=\"feature-box style-eight d-flex align-items-center \">\r\n\t\t\t\t<div class=\"feature-box-icon\">\r\n\t\t\t\t\t<span><i class=\"flaticon flaticon-email restly-flaticon\"><\/i><\/span>\r\n\t\t\t\t<\/div>\t\t\t\r\n\t\t\t\t<div class=\"feature-box-content\">\r\n\t\t\t\t\t<div class=\"feature-box-title\">\r\n\t\t\t\t\t\t<h2>E-mail<\/h2>\r\n\t\t\t\t\t<\/div>\r\n\t\t\t\t\t<div class=\"feature-box-desc\">\r\n\t\t\t\t\t\t<p>contact@francecopeaux.fr<br><br><\/p>\r\n\t\t\t\t\t<\/div>\r\n\t\t\t\t\t\t\t\t\t<\/div>\r\n\t\t\t<\/div>\r\n\r\n\t\t\r\n\t\t\t\t\t<\/div>\n\t\t\t\t<\/div>\n\t\t\t\t\t<\/div>\n\t\t<\/div>\n\t\t\t\t<div class=\"elementor-column elementor-col-33 elementor-inner-column elementor-element elementor-element-eb3664a\" data-id=\"eb3664a\" data-element_type=\"column\" data-e-type=\"column\">\n\t\t\t<div class=\"elementor-widget-wrap elementor-element-populated\">\n\t\t\t\t\t\t<div class=\"elementor-element elementor-element-a69e7cd elementor-widget elementor-widget-feature\" data-id=\"a69e7cd\" data-element_type=\"widget\" data-e-type=\"widget\" data-widget_type=\"feature.default\">\n\t\t\t\t<div class=\"elementor-widget-container\">\n\t\t\t\t\t\r\n\r\n\t\t\t\t\t<div class=\"feature-box style-eight d-flex align-items-center \">\r\n\t\t\t\t<div class=\"feature-box-icon\">\r\n\t\t\t\t\t<span><i class=\"flaticon flaticon-phone-call restly-flaticon\"><\/i><\/span>\r\n\t\t\t\t<\/div>\t\t\t\r\n\t\t\t\t<div class=\"feature-box-content\">\r\n\t\t\t\t\t<div class=\"feature-box-title\">\r\n\t\t\t\t\t\t<h2>Telefoon<\/h2>\r\n\t\t\t\t\t<\/div>\r\n\t\t\t\t\t<div class=\"feature-box-desc\">\r\n\t\t\t\t\t\t<p>00 332 97 74 84<br><br>\n<\/p>\r\n\t\t\t\t\t<\/div>\r\n\t\t\t\t\t\t\t\t\t<\/div>\r\n\t\t\t<\/div>\r\n\r\n\t\t\r\n\t\t\t\t\t<\/div>\n\t\t\t\t<\/div>\n\t\t\t\t\t<\/div>\n\t\t<\/div>\n\t\t\t\t\t<\/div>\n\t\t<\/section>\n\t\t\t\t\t<\/div>\n\t\t<\/div>\n\t\t\t\t\t<\/div>\n\t\t<\/section>\n\t\t\t\t<\/div>\n\t\t","protected":false},"excerpt":{"rendered":"<p>Revendeur Dealer worden van France Copeaux-producten Wilt u uw klanten kwaliteitsproducten aanbieden terwijl u samenwerkt met een toegewijd bedrijf? Sluit je aan bij ons netwerk van wederverkopers en profiteer van exclusieve voordelen. Contacteer ons Kwaliteitsproducten Door de producten van France Copeaux te verdelen, krijgt u toegang tot producten van topkwaliteit die rekening houden met de [&hellip;]<\/p>\n","protected":false},"author":1,"featured_media":0,"parent":0,"menu_order":0,"comment_status":"closed","ping_status":"closed","template":"elementor_header_footer","meta":{"om_disable_all_campaigns":false,"_monsterinsights_skip_tracking":false,"_monsterinsights_sitenote_active":false,"_monsterinsights_sitenote_note":"","_monsterinsights_sitenote_category":0,"footnotes":""},"class_list":["post-28081","page","type-page","status-publish","hentry"],"aioseo_notices":[],"_links":{"self":[{"href":"https:\/\/www.france-copeaux.com\/nl\/wp-json\/wp\/v2\/pages\/28081","targetHints":{"allow":["GET"]}}],"collection":[{"href":"https:\/\/www.france-copeaux.com\/nl\/wp-json\/wp\/v2\/pages"}],"about":[{"href":"https:\/\/www.france-copeaux.com\/nl\/wp-json\/wp\/v2\/types\/page"}],"author":[{"embeddable":true,"href":"https:\/\/www.france-copeaux.com\/nl\/wp-json\/wp\/v2\/users\/1"}],"replies":[{"embeddable":true,"href":"https:\/\/www.france-copeaux.com\/nl\/wp-json\/wp\/v2\/comments?post=28081"}],"version-history":[{"count":18,"href":"https:\/\/www.france-copeaux.com\/nl\/wp-json\/wp\/v2\/pages\/28081\/revisions"}],"predecessor-version":[{"id":29154,"href":"https:\/\/www.france-copeaux.com\/nl\/wp-json\/wp\/v2\/pages\/28081\/revisions\/29154"}],"wp:attachment":[{"href":"https:\/\/www.france-copeaux.com\/nl\/wp-json\/wp\/v2\/media?parent=28081"}],"curies":[{"name":"wp","href":"https:\/\/api.w.org\/{rel}","templated":true}]}}